{"id":15,"date":"2015-02-10T15:32:54","date_gmt":"2015-02-10T15:32:54","guid":{"rendered":"http:\/\/test.oliver-ketzer.de\/?page_id=15"},"modified":"2015-02-10T15:45:20","modified_gmt":"2015-02-10T15:45:20","slug":"politik","status":"publish","type":"page","link":"https:\/\/www.oliver-ketzer.de\/?page_id=15","title":{"rendered":"Politik"},"content":{"rendered":"<p>Es gibt viele Felder in der Politik. Drei Themen interessieren mich jedoch besonders. Das sind zum einen die Arbeitsmarktpolitik, die Gesellschaftspolitik sowie die Sozialpolitik.<\/p>\n<p>Ich m\u00f6chte mich zum einen stark f\u00fcr Empf\u00e4nger von ALG II einsetzen sowie f\u00fcr sogenannte ein Euro Jobber.<\/p>\n<p>Die sogenannten ein Euro Jobs sind sicherlich eine gute Sache um Langzeitarbeitslosenein geregeltes Leben zu erm\u00f6glichen, jedoch m\u00fcssen diese auch sanktionsfrei abgelehnt werden k\u00f6nnen. Nicht f\u00fcr jeden ist diese Ma\u00dfnahme geeignet.<\/p>\n<p>Erfahren Sie auf dieser Seite mehr, \u00fcber meine politischen Ziele.<\/p>\n<p>Ihr Oliver Ketzer<\/p>\n","protected":false},"excerpt":{"rendered":"<p>Es gibt viele Felder in der Politik. Drei Themen interessieren mich jedoch besonders. Das sind zum einen die Arbeitsmarktpolitik, die Gesellschaftspolitik sowie die Sozialpolitik. Ich m\u00f6chte mich zum einen stark <a class=\"more-link\" href=\"https:\/\/www.oliver-ketzer.de\/?page_id=15\">[ . . . ]<\/a><\/p>\n","protected":false},"author":1,"featured_media":0,"parent":0,"menu_order":0,"comment_status":"closed","ping_status":"closed","template":"","meta":{"footnotes":""},"class_list":["post-15","page","type-page","status-publish","hentry"],"_links":{"self":[{"href":"https:\/\/www.oliver-ketzer.de\/index.php?rest_route=\/wp\/v2\/pages\/15","targetHints":{"allow":["GET"]}}],"collection":[{"href":"https:\/\/www.oliver-ketzer.de\/index.php?rest_route=\/wp\/v2\/pages"}],"about":[{"href":"https:\/\/www.oliver-ketzer.de\/index.php?rest_route=\/wp\/v2\/types\/page"}],"author":[{"embeddable":true,"href":"https:\/\/www.oliver-ketzer.de\/index.php?rest_route=\/wp\/v2\/users\/1"}],"replies":[{"embeddable":true,"href":"https:\/\/www.oliver-ketzer.de\/index.php?rest_route=%2Fwp%2Fv2%2Fcomments&post=15"}],"version-history":[{"count":2,"href":"https:\/\/www.oliver-ketzer.de\/index.php?rest_route=\/wp\/v2\/pages\/15\/revisions"}],"predecessor-version":[{"id":18,"href":"https:\/\/www.oliver-ketzer.de\/index.php?rest_route=\/wp\/v2\/pages\/15\/revisions\/18"}],"wp:attachment":[{"href":"https:\/\/www.oliver-ketzer.de\/index.php?rest_route=%2Fwp%2Fv2%2Fmedia&parent=15"}],"curies":[{"name":"wp","href":"https:\/\/api.w.org\/{rel}","templated":true}]}}