{"id":2,"date":"2014-11-21T04:51:49","date_gmt":"2014-11-21T04:51:49","guid":{"rendered":"http:\/\/localhost\/wordpress-4.0.1\/wordpress\/?page_id=2"},"modified":"2017-05-10T09:09:36","modified_gmt":"2017-05-10T09:09:36","slug":"sample-page","status":"publish","type":"page","link":"https:\/\/www.oliver-ketzer.de\/?page_id=2","title":{"rendered":"Sozialpolitik"},"content":{"rendered":"<div class=\"field field-name-body field-type-text-with-summary field-label-hidden\">\n<div class=\"field-items\">\n<div class=\"field-item even\">\n<p>Gerade im Bereich der Sozialpolitik ben\u00f6tigen wir Strukturen, die Menschen mit geringem Einkommen, ALG I und ALG II den Zugang zu Kultur und Freizeit gew\u00e4hrleisten.<\/p>\n<p>Gerade im Bereich der ALG II Bezieher, reicht der Regelsatz gerade einmal zum Leben. Ein Ausflug mit Kindern, die Klassenfahrt mit der Schule oder das Eis im Sommer mu\u00df auch f\u00fcr ALG II Bezieher m\u00f6glich sein.<br \/>\nHier wurde schon viel erreicht, aber das Ziel ist noch weit entfernt.<br \/>\nGerade f\u00fcr Kinder und junge Erwachsene ist der Bezug von ALG II mit einem sehr gro\u00dfen Einschnitt verbunden. Vielen bleibt der Zugang ins Kino, Theater, Schwimmbad etc verwehrt, da der monatliche Regelsatz gerade einmal f\u00fcr Strom, Telefon und Lebensmittel reicht.<\/p>\n<p>Bundesweit leben rund 7,6 Mio. Menschen von ALG II, rund 1,1 Mio. in NRW und 44.000 Menschen alleine in Essen. Bei steigenden Preisen von Lebensmitteln so wie explodierenden Mieten und Strompreisen, ist der Weg in die \u00dcberschuldung praktisch vorprogrammiert. Demotivation und Resignation sind die Folge.<br \/>\nDem muss zwingend entgegengewirkt werden. Bildung, Weiterbildung und Unterst\u00fctzung bei der Arbeitsuche durch die Jobcenter, sind das A und O. Freier oder stark erm\u00e4\u00dfigter Eintritt bei Kulturveranstaltungen, f\u00fcr Schwimmb\u00e4der und \/ oder Kinos, m\u00fcssen politisch durchgesetzt werden um finanziell schwachen den Zugang zu Kultur und Freizeit zu erm\u00f6glichen.<\/p>\n<p>In einer Kulturhauptstadt, darf keinem Kind und keinem Erwachsenen der Zugang auf Grund seiner finanziellen Situation zur Kultur verwehrt bleiben. Dies k\u00e4me einer Diskriminierung gleich.<\/p>\n<p>Ich m\u00f6chte mich im Rahmen meines politischen Engagements daf\u00fcr einsetzen, das alle Menschen einen Zugang zu Kultur und Freizeit bekommen.<\/p>\n<\/div>\n<\/div>\n<\/div>\n","protected":false},"excerpt":{"rendered":"<p>Gerade im Bereich der Sozialpolitik ben\u00f6tigen wir Strukturen, die Menschen mit geringem Einkommen, ALG I und ALG II den Zugang zu Kultur und Freizeit gew\u00e4hrleisten. Gerade im Bereich der ALG <a class=\"more-link\" href=\"https:\/\/www.oliver-ketzer.de\/?page_id=2\">[ . . . ]<\/a><\/p>\n","protected":false},"author":1,"featured_media":0,"parent":0,"menu_order":0,"comment_status":"closed","ping_status":"closed","template":"","meta":{"footnotes":""},"class_list":["post-2","page","type-page","status-publish","hentry"],"_links":{"self":[{"href":"https:\/\/www.oliver-ketzer.de\/index.php?rest_route=\/wp\/v2\/pages\/2","targetHints":{"allow":["GET"]}}],"collection":[{"href":"https:\/\/www.oliver-ketzer.de\/index.php?rest_route=\/wp\/v2\/pages"}],"about":[{"href":"https:\/\/www.oliver-ketzer.de\/index.php?rest_route=\/wp\/v2\/types\/page"}],"author":[{"embeddable":true,"href":"https:\/\/www.oliver-ketzer.de\/index.php?rest_route=\/wp\/v2\/users\/1"}],"replies":[{"embeddable":true,"href":"https:\/\/www.oliver-ketzer.de\/index.php?rest_route=%2Fwp%2Fv2%2Fcomments&post=2"}],"version-history":[{"count":1,"href":"https:\/\/www.oliver-ketzer.de\/index.php?rest_route=\/wp\/v2\/pages\/2\/revisions"}],"predecessor-version":[{"id":6,"href":"https:\/\/www.oliver-ketzer.de\/index.php?rest_route=\/wp\/v2\/pages\/2\/revisions\/6"}],"wp:attachment":[{"href":"https:\/\/www.oliver-ketzer.de\/index.php?rest_route=%2Fwp%2Fv2%2Fmedia&parent=2"}],"curies":[{"name":"wp","href":"https:\/\/api.w.org\/{rel}","templated":true}]}}